{"id":25,"date":"2021-03-22T15:19:38","date_gmt":"2021-03-22T15:19:38","guid":{"rendered":"https:\/\/www.kanuverleih.com\/?page_id=25"},"modified":"2026-02-06T15:36:07","modified_gmt":"2026-02-06T15:36:07","slug":"startseite","status":"publish","type":"page","link":"https:\/\/www.kanuverleih.com\/","title":{"rendered":"Willkommen bei Regental-Kanu Nittenau"},"content":{"rendered":"\n<h2 class=\"wp-block-heading\">Willkommen bei Regental-Kanu Nittenau<\/h2>\n\n\n\n<p>Auf dieser Seite k\u00f6nnen Sie ganz einfach und bequem Ihre Kanutour am Regen mit Startpunkt ab Nittenau buchen.<\/p>\n\n\n\n<p>Unser Kanuverleih ist voraussichtlich vom 14.05.2026 (Beginn der Pfingstferien in Bayern) bis Ende August ge\u00f6ffnet. Der Verleih findet in dieser Zeit haupts\u00e4chlich an den Wochenenden und Feiertagen statt. Abweichungen in der Ferienzeit sind m\u00f6glich. Die Verf\u00fcgbarkeit, Anzahl der Boote und Tage an denen eine Buchung m\u00f6glich ist, wird online angezeigt. Mit der Schaltfl\u00e4chen \u201cJetzt Buchen\u201d k\u00f6nnen Sie ihre Boote verbindlich buchen. Buchungen sind ab Anfang Mai m\u00f6glich.<\/p>\n\n\n\n<p>Der Flussabschnitt zwischen Nittenau und Ramspau gilt als <strong>einer der sch\u00f6nsten am gesamten Regen<\/strong>. Hier tauchen Sie in faszinierende Landschaften ein und k\u00f6nnen die Natur in vollen Z\u00fcgen genie\u00dfen.&nbsp;<\/p>\n\n\n\n<p>\u00dcblicherweise beginnt die Kanutour an unserer Verleihstation mit eigenem Bootseinstieg in Nittenau und endet nach ca. 4 Paddelstunden (Pausen nicht eingerechnet) im malerischen Ramspau.<\/p>\n\n\n\n<p>Vor Beginn der Tour erhalten Sie s\u00e4mtliche ben\u00f6tigten Ausr\u00fcstungsgegenst\u00e4nde und eine ausf\u00fchrliche Einweisung. Der Einstieg befindet sich an einer Stelle mit kaum Str\u00f6mung und ist deshalb <strong>ideal f\u00fcr Anf\u00e4nger geeignet<\/strong>.<\/p>\n\n\n\n<p>Im Verlauf der Tagestour nach Ramspau befindet sich lediglich eine Wehranlage in Stefling, ansonsten ist der Regen zwischen Nittenau und Ramspau ohne Umtragen zu befahren.<\/p>\n\n\n\n<p>Weitere Informationen zum Flu\u00dfabschnitt und zum Ablauf der Tour finden Sie unter den Men\u00fcpunkten&nbsp;<a href=\"https:\/\/www.kanuverleih.com\/index.php\/fragen-antworten\/\">Fragen &amp; Antworten<\/a> und&nbsp;<a href=\"https:\/\/www.kanuverleih.com\/index.php\/ablauf-der-kanutour\/\">Ablauf einer Kanutour<\/a>.<\/p>\n\n\n\n<figure class=\"wp-block-image\"><img data-recalc-dims=\"1\" height=\"193\" width=\"525\" decoding=\"async\" src=\"https:\/\/i0.wp.com\/flusswandern.de\/wp-content\/uploads\/2020\/06\/0031-P1010042-e1592999613125-1024x376.jpg?resize=525%2C193&#038;ssl=1\" alt=\"Kanufahren am Regen\" class=\"wp-image-114\"\/><\/figure>\n","protected":false},"excerpt":{"rendered":"<p>Willkommen bei Regental-Kanu Nittenau Auf dieser Seite k\u00f6nnen Sie ganz einfach und bequem Ihre Kanutour am Regen mit Startpunkt ab Nittenau buchen. Unser Kanuverleih ist voraussichtlich vom 14.05.2026 (Beginn der Pfingstferien in Bayern) bis Ende August ge\u00f6ffnet. Der Verleih findet in dieser Zeit haupts\u00e4chlich an den Wochenenden und Feiertagen statt. Abweichungen in der Ferienzeit sind &hellip; <\/p>\n<p class=\"link-more\"><a href=\"https:\/\/www.kanuverleih.com\/\" class=\"more-link\"><span class=\"screen-reader-text\">\u201eWillkommen bei Regental-Kanu Nittenau\u201c <\/span>weiterlesen<\/a><\/p>\n","protected":false},"author":1,"featured_media":0,"parent":0,"menu_order":0,"comment_status":"closed","ping_status":"closed","template":"","meta":{"footnotes":""},"class_list":["post-25","page","type-page","status-publish","hentry"],"jetpack_sharing_enabled":true,"_links":{"self":[{"href":"https:\/\/www.kanuverleih.com\/index.php\/wp-json\/wp\/v2\/pages\/25","targetHints":{"allow":["GET"]}}],"collection":[{"href":"https:\/\/www.kanuverleih.com\/index.php\/wp-json\/wp\/v2\/pages"}],"about":[{"href":"https:\/\/www.kanuverleih.com\/index.php\/wp-json\/wp\/v2\/types\/page"}],"author":[{"embeddable":true,"href":"https:\/\/www.kanuverleih.com\/index.php\/wp-json\/wp\/v2\/users\/1"}],"replies":[{"embeddable":true,"href":"https:\/\/www.kanuverleih.com\/index.php\/wp-json\/wp\/v2\/comments?post=25"}],"version-history":[{"count":16,"href":"https:\/\/www.kanuverleih.com\/index.php\/wp-json\/wp\/v2\/pages\/25\/revisions"}],"predecessor-version":[{"id":2975,"href":"https:\/\/www.kanuverleih.com\/index.php\/wp-json\/wp\/v2\/pages\/25\/revisions\/2975"}],"wp:attachment":[{"href":"https:\/\/www.kanuverleih.com\/index.php\/wp-json\/wp\/v2\/media?parent=25"}],"curies":[{"name":"wp","href":"https:\/\/api.w.org\/{rel}","templated":true}]}}