{"id":151,"date":"2021-04-20T15:59:03","date_gmt":"2021-04-20T15:59:03","guid":{"rendered":"https:\/\/www.kanuverleih.com\/?page_id=151"},"modified":"2024-06-04T09:54:34","modified_gmt":"2024-06-04T09:54:34","slug":"aktuelle-hinweise","status":"publish","type":"page","link":"https:\/\/www.kanuverleih.com\/index.php\/aktuelle-hinweise\/","title":{"rendered":"Aktuelle Hinweise"},"content":{"rendered":"\n<p><strong>Um von unseren Abholzeiten unabh\u00e4ngig zu sein, stellen Sie sich bitte ein Auto, Fahrrad etc. an den Endpunkt Ihrer Tour. Alternativ k\u00f6nnen Sie den \u00f6ffentlichen Nahverkehr (bitte zuvor unbedingt die Fahrpl\u00e4ne pr\u00fcfen) oder ein Taxi (kostenpflichtig) nutzen.<\/strong><\/p>\n","protected":false},"excerpt":{"rendered":"<p>Um von unseren Abholzeiten unabh\u00e4ngig zu sein, stellen Sie sich bitte ein Auto, Fahrrad etc. an den Endpunkt Ihrer Tour. Alternativ k\u00f6nnen Sie den \u00f6ffentlichen Nahverkehr (bitte zuvor unbedingt die Fahrpl\u00e4ne pr\u00fcfen) oder ein Taxi (kostenpflichtig) nutzen.<\/p>\n","protected":false},"author":1,"featured_media":0,"parent":0,"menu_order":0,"comment_status":"closed","ping_status":"closed","template":"","meta":{"footnotes":""},"class_list":["post-151","page","type-page","status-publish","hentry"],"jetpack_sharing_enabled":true,"_links":{"self":[{"href":"https:\/\/www.kanuverleih.com\/index.php\/wp-json\/wp\/v2\/pages\/151","targetHints":{"allow":["GET"]}}],"collection":[{"href":"https:\/\/www.kanuverleih.com\/index.php\/wp-json\/wp\/v2\/pages"}],"about":[{"href":"https:\/\/www.kanuverleih.com\/index.php\/wp-json\/wp\/v2\/types\/page"}],"author":[{"embeddable":true,"href":"https:\/\/www.kanuverleih.com\/index.php\/wp-json\/wp\/v2\/users\/1"}],"replies":[{"embeddable":true,"href":"https:\/\/www.kanuverleih.com\/index.php\/wp-json\/wp\/v2\/comments?post=151"}],"version-history":[{"count":8,"href":"https:\/\/www.kanuverleih.com\/index.php\/wp-json\/wp\/v2\/pages\/151\/revisions"}],"predecessor-version":[{"id":2297,"href":"https:\/\/www.kanuverleih.com\/index.php\/wp-json\/wp\/v2\/pages\/151\/revisions\/2297"}],"wp:attachment":[{"href":"https:\/\/www.kanuverleih.com\/index.php\/wp-json\/wp\/v2\/media?parent=151"}],"curies":[{"name":"wp","href":"https:\/\/api.w.org\/{rel}","templated":true}]}}