{"id":1067,"date":"2022-06-05T09:38:54","date_gmt":"2022-06-05T09:38:54","guid":{"rendered":"https:\/\/www.kanuverleih.com\/?page_id=1067"},"modified":"2023-02-23T18:57:54","modified_gmt":"2023-02-23T18:57:54","slug":"schifffahrtsgenehmigung-nebenbestimmungen","status":"publish","type":"page","link":"https:\/\/www.kanuverleih.com\/index.php\/schifffahrtsgenehmigung-nebenbestimmungen\/","title":{"rendered":"Schifffahrtsgenehmigung &#8211; Nebenbestimmungen"},"content":{"rendered":"\n<p>F\u00fcr den Mieter relevant:<\/p>\n\n\n\n<h2 class=\"wp-block-heading\">Anzahl und Zeiten der Vermietung<\/h2>\n\n\n\n<p>In den Monaten M\u00e4rz und April d\u00fcrfen keine Wasserfahrzeuge vermietet werden.<\/p>\n\n\n\n<p>Es d\u00fcrfen maximal 25 Wasserfahrzeuge t\u00e4glich vermietet wereen.<\/p>\n\n\n\n<p>Die Wasserfahrzeuge d\u00fcrfen nur vom 01.05. bis zum 31.10. eines Kalenderjahres vermietet werden.<\/p>\n\n\n\n<h2 class=\"wp-block-heading\">Einschr\u00e4nkungen der Vermietung<\/h2>\n\n\n\n<p>Unter einem Abfluss von 11,7 m\u00b3\/s gemessen am Pegel Marienthal d\u00fcrfen im Rahmen der Aus\u00fcbung der Schifffahrt am Regen keine Wasserfahrzeuge vermietet werden.<\/p>\n\n\n\n<p>\u00dcber einer Wassertemperatur von \u00fcber 25\u00b0 C gemessen am Pegel Marienthal d\u00fcrfen im Rahmen der Aus\u00fcbung der Schifffahrt am Regen keine Wasserfahrzeuge vermietet werden.<\/p>\n\n\n\n<p>Der Wasserstand und die Wassertemperatur sind mindestens t\u00e4glich vor Beginn des Bootsverleihs abzufragen. Sollte mit einem \u00dcberschreiten der vorgenannten Wassertemperatur von \u00fcber 25\u00b0 C bzw. einem Unterschreiten der vorgenannten Abflussmenge von 11,7 m\u00b3\/s gerechnet werden m\u00fcssen, sind die Werte vor jeder Vermietung abzurufen.<\/p>\n\n\n\n<p>Bei Hochwasser d\u00fcrfen im Rahmen der Aus\u00fcbung der Schifffahrt am Regen keine Wasserfahrzeuge vermietet werden. \u00dcber die Situation hat sich der Unternehmer selbstst\u00e4ndig unter <a href=\"http:\/\/www.hnd.bayern.de\" data-type=\"URL\" data-id=\"www.hnd.bayern.de\">www.hnd.bayern.de<\/a> zu informieren.<\/p>\n\n\n\n<h2 class=\"wp-block-heading\">Anforderungen hinsichtlich des Bootsverkehrs<\/h2>\n\n\n\n<p>Beim Befahren des Gew\u00e4ssers ist auf andere Gew\u00e4sserbenutzer und auf Tiere gr\u00f6\u00dftm\u00f6gliche R\u00fccksicht zu nehmen.<\/p>\n\n\n\n<p>Beim Befahren des Gew\u00e4ssers ist auf die Benutzung jeglicher Art von mechanisch zu betreibenden oder automatischen L\u00e4rm- oder Tonquellen (z. B. Radio, Musikinstrumente) zu verzichten. L\u00e4rmende Aktivit\u00e4ten sind zu unterlassen.<\/p>\n\n\n\n<p>Zum Ein- und Ausstieg sind au\u00dfer in Notf\u00e4llen, nur die daf\u00fcr vorgesehenen, in den Antragsunterlagen dargestellten Ein- und Ausstiegsstellen zu verwenden. Die Boote d\u00fcrfen nur an geeigneten und genehmigten Anlegestellen  angelegt und gelagert werden.<\/p>\n\n\n\n<p>Das Mitf\u00fchren von Glasgef\u00e4\u00dfen aller Art in den Booten ist untersagt.<\/p>\n","protected":false},"excerpt":{"rendered":"<p>F\u00fcr den Mieter relevant: Anzahl und Zeiten der Vermietung In den Monaten M\u00e4rz und April d\u00fcrfen keine Wasserfahrzeuge vermietet werden. Es d\u00fcrfen maximal 25 Wasserfahrzeuge t\u00e4glich vermietet wereen. Die Wasserfahrzeuge d\u00fcrfen nur vom 01.05. bis zum 31.10. eines Kalenderjahres vermietet werden. Einschr\u00e4nkungen der Vermietung Unter einem Abfluss von 11,7 m\u00b3\/s gemessen am Pegel Marienthal d\u00fcrfen &hellip; <\/p>\n<p class=\"link-more\"><a href=\"https:\/\/www.kanuverleih.com\/index.php\/schifffahrtsgenehmigung-nebenbestimmungen\/\" class=\"more-link\"><span class=\"screen-reader-text\">\u201eSchifffahrtsgenehmigung &#8211; Nebenbestimmungen\u201c <\/span>weiterlesen<\/a><\/p>\n","protected":false},"author":1,"featured_media":0,"parent":0,"menu_order":0,"comment_status":"closed","ping_status":"closed","template":"","meta":{"footnotes":""},"class_list":["post-1067","page","type-page","status-publish","hentry"],"jetpack_sharing_enabled":true,"_links":{"self":[{"href":"https:\/\/www.kanuverleih.com\/index.php\/wp-json\/wp\/v2\/pages\/1067","targetHints":{"allow":["GET"]}}],"collection":[{"href":"https:\/\/www.kanuverleih.com\/index.php\/wp-json\/wp\/v2\/pages"}],"about":[{"href":"https:\/\/www.kanuverleih.com\/index.php\/wp-json\/wp\/v2\/types\/page"}],"author":[{"embeddable":true,"href":"https:\/\/www.kanuverleih.com\/index.php\/wp-json\/wp\/v2\/users\/1"}],"replies":[{"embeddable":true,"href":"https:\/\/www.kanuverleih.com\/index.php\/wp-json\/wp\/v2\/comments?post=1067"}],"version-history":[{"count":4,"href":"https:\/\/www.kanuverleih.com\/index.php\/wp-json\/wp\/v2\/pages\/1067\/revisions"}],"predecessor-version":[{"id":1719,"href":"https:\/\/www.kanuverleih.com\/index.php\/wp-json\/wp\/v2\/pages\/1067\/revisions\/1719"}],"wp:attachment":[{"href":"https:\/\/www.kanuverleih.com\/index.php\/wp-json\/wp\/v2\/media?parent=1067"}],"curies":[{"name":"wp","href":"https:\/\/api.w.org\/{rel}","templated":true}]}}